{"id":177,"date":"2021-11-24T18:47:06","date_gmt":"2021-11-24T17:47:06","guid":{"rendered":"http:\/\/louis.saisset.fr\/?page_id=177"},"modified":"2022-10-17T16:13:25","modified_gmt":"2022-10-17T14:13:25","slug":"complete-research","status":"publish","type":"page","link":"https:\/\/louis.saisset.fr\/index.php\/complete-research\/","title":{"rendered":"Complete Research"},"content":{"rendered":"\n<div class=\"wp-container-5 wp-block-columns are-vertically-aligned-top\">\n<div class=\"wp-container-4 wp-block-column is-vertically-aligned-top\">\n<figure class=\"wp-block-pullquote\"><blockquote><p><em><em>Hydrodynamic resilience of reef-lagoon systems: a quantitative approach applied to the<\/em> <em>island of Maupiti (French Polynesia)<\/em><\/em><\/p><\/blockquote><\/figure>\n\n\n\n<div class=\"wp-container-3 wp-block-columns\">\n<div class=\"wp-container-1 wp-block-column is-vertically-aligned-top has-cyan-bluish-gray-color has-text-color\" style=\"flex-basis:17%\">\n<p><em><kbd>Laboratory:<\/kbd><\/em><\/p>\n\n\n\n<p class=\"has-text-align-right\"><kbd><em>Field:<\/em><\/kbd><\/p>\n\n\n\n<p class=\"has-text-align-right\"><em><kbd>Directors:<\/kbd><\/em><\/p>\n\n\n\n<p class=\"has-text-align-right\"><em><kbd>Key Words:<\/kbd><\/em><\/p>\n<\/div>\n\n\n\n<div class=\"wp-container-2 wp-block-column\" style=\"flex-basis:85%\">\n<p>G\u00e9osciences Montpellier <\/p>\n\n\n\n<p>Coastal Hydrodynamics<\/p>\n\n\n\n<p><a rel=\"noreferrer noopener\" href=\"https:\/\/www.bouchette.org\/\" data-type=\"URL\" data-id=\"https:\/\/www.bouchette.org\/\" target=\"_blank\">Fr\u00e9d\u00e9ric Bouchette<\/a>, <a rel=\"noreferrer noopener\" href=\"https:\/\/cv.archives-ouvertes.fr\/sous-damien\/?langChosen=fr\" data-type=\"URL\" data-id=\"https:\/\/cv.archives-ouvertes.fr\/sous-damien\/?langChosen=fr\" target=\"_blank\">Damien Sous<\/a><\/p>\n\n\n\n<p>Resilience, Lagoon Hydrodynamics, Waves,  Numerical Modelling.<\/p>\n<\/div>\n<\/div>\n\n\n\n<p>My thesis work is made possible thanks to the research activities of the GLADYS group on the island of Maupiti, in particular the measurement campaign Maupiti Ho\u00e9 2018 and the numerical modelling SWAN-Delft3D of the island.<\/p>\n\n\n\n<h2>Introduction<\/h2>\n<\/div>\n<\/div>\n\n\n\n<p>When a reef surrounds and isolates a body of water, this body of water is called a lagoon. The energy transfers applied to waves and currents during the passage over the reef are both very complex and crucial to characterize the dynamics inside the lagoon. The physics at work can be summarized from the point of view of wave propagation. Swells generated offshore propagate towards the reef. Before arriving at the reef, these swells undergo multiple changes: wind-driven growth, non-linear frequency transfers. Arriving at intermediate depths, the swell interacts with the bottom, is oriented towards the shallow water, slows down and get bigger. Now in shallow water, the swell reaches its maximum size. Due to the geometry, roughness and porosity of the reef, some of the energy is reflected and some is dissipated locally by breaking, turbulence or friction. Part of the energy carried by this swell is transformed into a local augmentation of water level, the water level differences produce currents and these currents are slowed down by the roughness of the bottom. After these transformations, the remaining swell is finally propagated inside the lagoon. <\/p>\n\n\n\n<figure class=\"wp-block-image size-large\"><img loading=\"lazy\" width=\"1024\" height=\"385\" src=\"https:\/\/louis.saisset.fr\/wp-content\/uploads\/2022\/10\/Hydro_simple-1024x385.png\" alt=\"\" class=\"wp-image-477\" srcset=\"https:\/\/louis.saisset.fr\/wp-content\/uploads\/2022\/10\/Hydro_simple-1024x385.png 1024w, https:\/\/louis.saisset.fr\/wp-content\/uploads\/2022\/10\/Hydro_simple-300x113.png 300w, https:\/\/louis.saisset.fr\/wp-content\/uploads\/2022\/10\/Hydro_simple-768x289.png 768w, https:\/\/louis.saisset.fr\/wp-content\/uploads\/2022\/10\/Hydro_simple-1536x577.png 1536w, https:\/\/louis.saisset.fr\/wp-content\/uploads\/2022\/10\/Hydro_simple-2048x770.png 2048w\" sizes=\"(max-width: 767px) 89vw, (max-width: 1000px) 54vw, (max-width: 1071px) 543px, 580px\" \/><figcaption>Explanatory diagram of wave-flow transformations for a typical barrier reef profile<\/figcaption><\/figure>\n\n\n\n<p>Coral reefs are being degraded by anthropogenic pressures and changes in climate and ocean conditions. The protection of the shores and ecosystems sheltered by these reefs depends on numerous hydrodynamic, sedimentary and biological couplings for which a detailed knowledge is necessary. <\/p>\n\n\n\n<h2>Objectives<\/h2>\n\n\n\n<p>My thesis aims to describe the hydrodynamics of reef lagoon systems and their tendency to maintain specific hydrodynamic properties when subject to variations in various forcings (geometrical changes of the reef island, extreme meteo-marine forcings, bottom friction variations). Since lagoons are very diverse and always fluctuating, the most effective way to study the impact of global change is to define and measure the <strong><em>resilience<\/em><\/strong> of the systems at the island scale.<\/p>\n\n\n\n<p><\/p>\n","protected":false},"excerpt":{"rendered":"<p>Hydrodynamic resilience of reef-lagoon systems: a quantitative approach applied to the island of Maupiti (French Polynesia) Laboratory: Field: Directors: Key Words: G\u00e9osciences Montpellier Coastal Hydrodynamics Fr\u00e9d\u00e9ric Bouchette, Damien Sous Resilience, Lagoon Hydrodynamics, Waves, Numerical Modelling. My thesis work is made possible thanks to the research activities of the GLADYS group on the island of Maupiti, &hellip; <\/p>\n<p class=\"link-more\"><a href=\"https:\/\/louis.saisset.fr\/index.php\/complete-research\/\" class=\"more-link\">Continue reading<span class=\"screen-reader-text\"> &#8220;Complete Research&#8221;<\/span><\/a><\/p>\n","protected":false},"author":1,"featured_media":0,"parent":0,"menu_order":0,"comment_status":"closed","ping_status":"closed","template":"","meta":[],"_links":{"self":[{"href":"https:\/\/louis.saisset.fr\/index.php\/wp-json\/wp\/v2\/pages\/177"}],"collection":[{"href":"https:\/\/louis.saisset.fr\/index.php\/wp-json\/wp\/v2\/pages"}],"about":[{"href":"https:\/\/louis.saisset.fr\/index.php\/wp-json\/wp\/v2\/types\/page"}],"author":[{"embeddable":true,"href":"https:\/\/louis.saisset.fr\/index.php\/wp-json\/wp\/v2\/users\/1"}],"replies":[{"embeddable":true,"href":"https:\/\/louis.saisset.fr\/index.php\/wp-json\/wp\/v2\/comments?post=177"}],"version-history":[{"count":17,"href":"https:\/\/louis.saisset.fr\/index.php\/wp-json\/wp\/v2\/pages\/177\/revisions"}],"predecessor-version":[{"id":506,"href":"https:\/\/louis.saisset.fr\/index.php\/wp-json\/wp\/v2\/pages\/177\/revisions\/506"}],"wp:attachment":[{"href":"https:\/\/louis.saisset.fr\/index.php\/wp-json\/wp\/v2\/media?parent=177"}],"curies":[{"name":"wp","href":"https:\/\/api.w.org\/{rel}","templated":true}]}}